{"id":33,"date":"2016-01-18T19:14:13","date_gmt":"2016-01-18T19:14:13","guid":{"rendered":"http:\/\/goodlife.fuelthemes.net\/technology-demo\/?page_id=33"},"modified":"2020-08-03T23:48:45","modified_gmt":"2020-08-03T23:48:45","slug":"home","status":"publish","type":"page","link":"https:\/\/www.sic.uy\/pimceu\/","title":{"rendered":"Home"},"content":{"rendered":"<p>[vc_row equal_height=\u00bbtrue\u00bb][vc_column el_class=\u00bbmain_content\u00bb]<aside class=\"gap cf\" style=\"height:30px;\"><\/aside>[vc_message icon_fontawesome=\u00bbfa fa-search\u00bb el_class=\u00bbbackground-color: #ffffff;\u00bb css=\u00bb.vc_custom_1592783304431{background-color: #ffffff !important;}\u00bb]<\/p>\n<p style=\"text-align: justify;\"><span style=\"font-weight: 400;\">Este proyecto analiza, desde una perspectiva comunicacional, las formas en que los estudiantes de la Facultad de Informaci\u00f3n y Comunicaci\u00f3n (FIC-Udelar) se apropian de las tecnolog\u00edas (TIC) para acceder a los materiales de estudio en Internet, a partir de sus pr\u00e1cticas digitales y en las redes de la FIC, que emergen en esta investigaci\u00f3n como convergentes, fragmentadas e hibridadas dentro de un nuevo escenario tecnol\u00f3gico y reticular que construyeron e instituyeron los j\u00f3venes de la FIC. El an\u00e1lisis se sostiene en una investigaci\u00f3n emp\u00edrica llevada adelante durante los a\u00f1os 2018 y 2019, en el marco del Proyecto de Investigaci\u00f3n para la Mejora de la Calidad de la Ense\u00f1anza Universitaria (PIMCEU), financiado por la Comisi\u00f3n Sectorial de Investigaci\u00f3n Cient\u00edfica (CSIC).\u00a0<\/span><\/p>\n<p>[\/vc_message]<aside class=\"gap cf\" style=\"height:15px;\"><\/aside>[vc_raw_html]JTNDaWZyYW1lJTIwd2lkdGglM0QlMjI1NjAlMjIlMjBoZWlnaHQlM0QlMjI1NjAlMjIlMjBzcmMlM0QlMjJodHRwcyUzQSUyRiUyRnd3dy55b3V0dWJlLmNvbSUyRmVtYmVkJTJGclpDSjZjdGlCVUklM0ZhdXRvcGxheSUzRDElMjZtdXRlJTNEMSUyNm9yaWdpbiUzRGh0dHBzJTNBJTJGJTJGd3d3LnlvdXR1YmUuY29tJTJGd2F0Y2glM0Z2JTNEclpDSjZjdGlCVUklMjIlMjBmcmFtZWJvcmRlciUzRCUyMjAlMjIlMjBhbGxvdyUzRCUyMmFjY2VsZXJvbWV0ZXIlM0IlMjBhdXRvcGxheSUzQiUyMGVuY3J5cHRlZC1tZWRpYSUzQiUyMGd5cm9zY29wZSUzQiUyMHBpY3R1cmUtaW4tcGljdHVyZSUyMiUyMGFsbG93ZnVsbHNjcmVlbiUzRSUzQyUyRmlmcmFtZSUzRQ==[\/vc_raw_html]<aside class=\"gap cf\" style=\"height:30px;\"><\/aside>\t\t<div class=\"category-element-holder style2\">\n\t\t\t\t\t<div class=\"category-element-content\" data-style=\"style2\" data-count=\"7\">\n  \t\t\t\t  <div class=\"row grid\"><div class=\"small-12 columns\"><div class=\"post post-overlay bottom-gradient block-12 large-padding post-419 type-post status-publish format-standard has-post-thumbnail hentry category-pimceu\">\n\t<figure class=\"post-gallery\">\n\t\t<a href=\"https:\/\/www.sic.uy\/pimceu\/?p=419\" rel=\"bookmark\" title=\"Discusi\u00f3n y conclusiones\">\n\t\t\t\t\t\t<img loading=\"lazy\" decoding=\"async\" width=\"1\" height=\"1\" src=\"https:\/\/www.sic.uy\/pimceu\/wp-content\/uploads\/sites\/4\/;https:\/\/2.bp.blogspot.com\/-1wlVrHs5qjs\/V_5Lzmi4dgI\/AAAAAAAAAGc\/n7e-AsKBcuI1pIkHLPKUWKZlHZ8c2DDjQCLcB\/s1600\/conclusion-diagram-in-blank.jpg\" class=\"attachment-goodlife-grid-2x size-goodlife-grid-2x thb-lazyload lazyload wp-post-image\" alt=\"Discusi\u00f3n y conclusiones\" data-src=\"https:\/\/www.sic.uy\/pimceu\/wp-content\/uploads\/sites\/4\/;https:\/\/2.bp.blogspot.com\/-1wlVrHs5qjs\/V_5Lzmi4dgI\/AAAAAAAAAGc\/n7e-AsKBcuI1pIkHLPKUWKZlHZ8c2DDjQCLcB\/s1600\/conclusion-diagram-in-blank.jpg\" data-sizes=\"auto\" \/>\t\t<\/a>\n\t\t\n\t\t<header class=\"post-title entry-header\">\n\t\t\t\t\t\t<div class=\"post-category\"><a href=\"https:\/\/www.sic.uy\/pimceu\/?cat=115\" class=\"single_category_title boxed-link category-boxed-link-115\" title=\"PIMCEU\">PIMCEU<\/a> <\/div>\n\t\t\t<h3 class=\"entry-title\" itemprop=\"name headline\"><a href=\"https:\/\/www.sic.uy\/pimceu\/?p=419\" title=\"Discusi\u00f3n y conclusiones\">Discusi\u00f3n y conclusiones<\/a><\/h3>\t\t\t  <aside class=\"post-bottom-meta\">\n  \t  \t  \t  \t<div class=\"time\">junio 21, 2020<\/div>\n  \t  \t\t\t\t  <\/aside>\n  \t\t\t\t\t\t\t\t\t\t\t<\/header>\n\t\t\n\t<\/figure>\n<\/div><\/div>\t  \t\t\t\t\t\t\t\t\t\t\t  \t  <div class=\"small-12 large-6 columns\"><div class=\"post post-overlay bottom-gradient block-6 large-padding post-360 type-post status-publish format-standard has-post-thumbnail hentry category-pimceu\">\n\t<figure class=\"post-gallery\">\n\t\t<a href=\"https:\/\/www.sic.uy\/pimceu\/?p=360\" rel=\"bookmark\" title=\"Metodolog\u00eda\">\n\t\t\t\t\t\t<img loading=\"lazy\" decoding=\"async\" width=\"1\" height=\"1\" src=\"https:\/\/www.sic.uy\/pimceu\/wp-content\/uploads\/sites\/4\/2019\/07\/growth_driven_web_design.jpg\" class=\"attachment-goodlife-grid-2x size-goodlife-grid-2x thb-lazyload lazyload wp-post-image\" alt=\"Metodolog\u00eda\" data-src=\"https:\/\/www.sic.uy\/pimceu\/wp-content\/uploads\/sites\/4\/2019\/07\/growth_driven_web_design.jpg\" data-sizes=\"auto\" \/>\t\t<\/a>\n\t\t\n\t\t<header class=\"post-title entry-header\">\n\t\t\t\t\t\t<div class=\"post-category\"><a href=\"https:\/\/www.sic.uy\/pimceu\/?cat=115\" class=\"single_category_title boxed-link category-boxed-link-115\" title=\"PIMCEU\">PIMCEU<\/a> <\/div>\n\t\t\t<h4 class=\"entry-title\" itemprop=\"name headline\"><a href=\"https:\/\/www.sic.uy\/pimceu\/?p=360\" title=\"Metodolog\u00eda\">Metodolog\u00eda<\/a><\/h4>\t\t\t  <aside class=\"post-bottom-meta\">\n  \t  \t  \t  \t<div class=\"time\">junio 20, 2020<\/div>\n  \t  \t\t\t\t  <\/aside>\n  \t\t\t\t\t\t\t\t\t\t\t<\/header>\n\t\t\n\t<\/figure>\n<\/div><\/div>\t\t\t\t\t\t\t\t\t\t\t  \t  <div class=\"small-12 large-6 columns\"><div class=\"post post-overlay bottom-gradient block-6 large-padding post-353 type-post status-publish format-standard has-post-thumbnail hentry category-pimceu tag-espacios-tgs tag-fragmentacion-comunicacional tag-fragmentacion-informacional tag-hibridacion-comunicacional tag-hibridacion-informacional tag-tgs\">\n\t<figure class=\"post-gallery\">\n\t\t<a href=\"https:\/\/www.sic.uy\/pimceu\/?p=353\" rel=\"bookmark\" title=\"Marco Te\u00f3rico\">\n\t\t\t\t\t\t<img loading=\"lazy\" decoding=\"async\" width=\"1\" height=\"1\" src=\"https:\/\/www.sic.uy\/pimceu\/wp-content\/uploads\/sites\/4\/2017\/08\/ejemplos-de-marco-te%C3%B3rico-1280x720.jpg\" class=\"attachment-goodlife-grid-2x size-goodlife-grid-2x thb-lazyload lazyload wp-post-image\" alt=\"Marco Te\u00f3rico\" data-src=\"https:\/\/www.sic.uy\/pimceu\/wp-content\/uploads\/sites\/4\/2017\/08\/ejemplos-de-marco-te%C3%B3rico-1280x720.jpg\" data-sizes=\"auto\" \/>\t\t<\/a>\n\t\t\n\t\t<header class=\"post-title entry-header\">\n\t\t\t\t\t\t<div class=\"post-category\"><a href=\"https:\/\/www.sic.uy\/pimceu\/?cat=115\" class=\"single_category_title boxed-link category-boxed-link-115\" title=\"PIMCEU\">PIMCEU<\/a> <\/div>\n\t\t\t<h4 class=\"entry-title\" itemprop=\"name headline\"><a href=\"https:\/\/www.sic.uy\/pimceu\/?p=353\" title=\"Marco Te\u00f3rico\">Marco Te\u00f3rico<\/a><\/h4>\t\t\t  <aside class=\"post-bottom-meta\">\n  \t  \t  \t  \t<div class=\"time\">junio 20, 2020<\/div>\n  \t  \t\t\t\t  <\/aside>\n  \t\t\t\t\t\t\t\t\t\t\t<\/header>\n\t\t\n\t<\/figure>\n<\/div><\/div>\t\t<aside class=\"gap\" style=\"height: 28px;\"><\/aside><\/div>\t\t\t\t\t\t\t\t\t  \t  \t\t\t\t<div class=\"row endcolumn\">\t\t<div class=\"small-12 medium-6 large-3 columns\"><\/div>\t\t\t\t\t  \t  \t\t\t\t\t\t<div class=\"small-12 medium-6 large-3 columns\"><\/div>\t\t\t\t\t  \t  \t\t\t\t\t\t<div class=\"small-12 medium-6 large-3 columns\"><\/div>\t\t\t\t\t  \t  \t\t\t\t\t\t<div class=\"small-12 medium-6 large-3 columns\"><\/div>\t\t<\/div>\t  \t\t<\/div>\n  \t<\/div>\n\t[\/vc_column][\/vc_row][vc_row][vc_column]<aside class=\"gap cf\" style=\"height:30px;\"><\/aside>[vc_text_separator title=\u00bbEquipo de Investigaci\u00f3n\u00bb]<aside class=\"gap cf\" style=\"height:30px;\"><\/aside>[indeed-my-team limit=\u00bb12&#8243; order_by=\u00bblast_name\u00bb show=\u00bbname,photo,email\u00bb theme=\u00bbtheme_2&#8243; hide_small_icons=\u00bb0&#8243; align_center=\u00bb0&#8243; columns=\u00bb4&#8243; slider_set=\u00bb0&#8243; items_per_slide=\u00bb3&#8243; slide_speed=\u00bb5000&#8243; slide_pagination_speed=\u00bb500&#8243; pagination_theme=\u00bbpag-theme1&#8243; animation_in=\u00bbnone\u00bb animation_out=\u00bbnone\u00bb filter_set=\u00bb0&#8243; filter_select_t=\u00bbsmall_text\u00bb filter_align=\u00bbleft\u00bb layout_mode=\u00bbmasonry\u00bb page_inside=\u00bb0&#8243; inside_template=\u00bbIMT_PAGE_TEMPLATE\u00bb tm_custom_href=\u00bb0&#8243;]<aside class=\"gap cf\" style=\"height:30px;\"><\/aside>[\/vc_column][\/vc_row][vc_row][vc_column][vc_column_text]<\/p>\n<table style=\"border-collapse: collapse; width: 100%; height: 61px;\">\n<tbody>\n<tr style=\"height: 61px;\">\n<td style=\"width: 37.4783%; height: 61px;\"><img loading=\"lazy\" decoding=\"async\" class=\"aligncenter wp-image-495 lazyload\" src=\"data:image\/gif;base64,R0lGODlhAQABAAAAACH5BAEKAAEALAAAAAABAAEAAAICTAEAOw==\" data-src=\"https:\/\/www.sic.uy\/pimceu\/wp-content\/uploads\/sites\/4\/2020\/06\/CSE_negro.png\" alt=\"\" width=\"201\" height=\"43\" data-sizes=\"auto\" data-srcset=\"https:\/\/www.sic.uy\/pimceu\/wp-content\/uploads\/sites\/4\/2020\/06\/CSE_negro.png 548w, https:\/\/www.sic.uy\/pimceu\/wp-content\/uploads\/sites\/4\/2020\/06\/CSE_negro-385x83.png 385w, https:\/\/www.sic.uy\/pimceu\/wp-content\/uploads\/sites\/4\/2020\/06\/CSE_negro-20x4.png 20w\" sizes=\"(max-width: 201px) 100vw, 201px\" \/><\/td>\n<td style=\"width: 25.1739%;\"><img loading=\"lazy\" decoding=\"async\" class=\"aligncenter size-full wp-image-496 lazyload\" src=\"data:image\/gif;base64,R0lGODlhAQABAAAAACH5BAEKAAEALAAAAAABAAEAAAICTAEAOw==\" data-src=\"https:\/\/www.sic.uy\/pimceu\/wp-content\/uploads\/sites\/4\/2020\/06\/CSIC_negro.png\" alt=\"\" width=\"465\" height=\"83\" data-sizes=\"auto\" data-srcset=\"https:\/\/www.sic.uy\/pimceu\/wp-content\/uploads\/sites\/4\/2020\/06\/CSIC_negro.png 465w, https:\/\/www.sic.uy\/pimceu\/wp-content\/uploads\/sites\/4\/2020\/06\/CSIC_negro-385x69.png 385w, https:\/\/www.sic.uy\/pimceu\/wp-content\/uploads\/sites\/4\/2020\/06\/CSIC_negro-20x4.png 20w\" sizes=\"(max-width: 465px) 100vw, 465px\" \/><\/td>\n<td style=\"width: 37.3478%; height: 61px;\"><img loading=\"lazy\" decoding=\"async\" class=\"aligncenter size-full wp-image-504 lazyload\" src=\"data:image\/gif;base64,R0lGODlhAQABAAAAACH5BAEKAAEALAAAAAABAAEAAAICTAEAOw==\" data-src=\"https:\/\/www.sic.uy\/pimceu\/wp-content\/uploads\/sites\/4\/2020\/06\/Logos-horizontal_negro.png\" alt=\"\" width=\"538\" height=\"199\" data-sizes=\"auto\" data-srcset=\"https:\/\/www.sic.uy\/pimceu\/wp-content\/uploads\/sites\/4\/2020\/06\/Logos-horizontal_negro.png 538w, https:\/\/www.sic.uy\/pimceu\/wp-content\/uploads\/sites\/4\/2020\/06\/Logos-horizontal_negro-385x142.png 385w, https:\/\/www.sic.uy\/pimceu\/wp-content\/uploads\/sites\/4\/2020\/06\/Logos-horizontal_negro-20x7.png 20w\" sizes=\"(max-width: 538px) 100vw, 538px\" \/><\/td>\n<\/tr>\n<\/tbody>\n<\/table>\n<p>[\/vc_column_text][\/vc_column][\/vc_row]<\/p>\n","protected":false},"excerpt":{"rendered":"<p>[vc_row equal_height=\u00bbtrue\u00bb][vc_column el_class=\u00bbmain_content\u00bb][vc_message icon_fontawesome=\u00bbfa fa-search\u00bb el_class=\u00bbbackground-color: #ffffff;\u00bb css=\u00bb.vc_custom_1592783304431{background-color: #ffffff !important;}\u00bb] Este proyecto analiza, desde una perspectiva comunicacional, las formas en que los estudiantes de la Facultad de Informaci\u00f3n y Comunicaci\u00f3n (FIC-Udelar) se&hellip;<\/p>\n","protected":false},"author":1,"featured_media":0,"parent":0,"menu_order":0,"comment_status":"closed","ping_status":"closed","template":"","meta":{"footnotes":""},"class_list":["post-33","page","type-page","status-publish","hentry"],"_links":{"self":[{"href":"https:\/\/www.sic.uy\/pimceu\/index.php?rest_route=\/wp\/v2\/pages\/33"}],"collection":[{"href":"https:\/\/www.sic.uy\/pimceu\/index.php?rest_route=\/wp\/v2\/pages"}],"about":[{"href":"https:\/\/www.sic.uy\/pimceu\/index.php?rest_route=\/wp\/v2\/types\/page"}],"author":[{"embeddable":true,"href":"https:\/\/www.sic.uy\/pimceu\/index.php?rest_route=\/wp\/v2\/users\/1"}],"replies":[{"embeddable":true,"href":"https:\/\/www.sic.uy\/pimceu\/index.php?rest_route=%2Fwp%2Fv2%2Fcomments&post=33"}],"version-history":[{"count":45,"href":"https:\/\/www.sic.uy\/pimceu\/index.php?rest_route=\/wp\/v2\/pages\/33\/revisions"}],"predecessor-version":[{"id":543,"href":"https:\/\/www.sic.uy\/pimceu\/index.php?rest_route=\/wp\/v2\/pages\/33\/revisions\/543"}],"wp:attachment":[{"href":"https:\/\/www.sic.uy\/pimceu\/index.php?rest_route=%2Fwp%2Fv2%2Fmedia&parent=33"}],"curies":[{"name":"wp","href":"https:\/\/api.w.org\/{rel}","templated":true}]}}